{"id":2,"date":"2024-06-04T08:57:19","date_gmt":"2024-06-04T11:57:19","guid":{"rendered":"http:\/\/www.neuquen.gob.ar\/financiamiento\/?page_id=2"},"modified":"2025-12-30T09:15:14","modified_gmt":"2025-12-30T12:15:14","slug":"programa-proyecta-futuro","status":"publish","type":"page","link":"https:\/\/www.neuquen.gob.ar\/financiamiento\/programa-proyecta-futuro\/","title":{"rendered":"Programa Proyecta Futuro"},"content":{"rendered":"\t\t<div data-elementor-type=\"wp-page\" data-elementor-id=\"2\" class=\"elementor elementor-2\" data-elementor-post-type=\"page\">\n\t\t\t\t<div class=\"elementor-element elementor-element-5d83f480 e-con-full e-flex e-con e-parent\" data-id=\"5d83f480\" data-element_type=\"container\" data-settings=\"{&quot;background_background&quot;:&quot;classic&quot;}\">\n\t\t<div class=\"elementor-element elementor-element-2e00b46 e-flex e-con-boxed e-con e-child\" data-id=\"2e00b46\" data-element_type=\"container\">\n\t\t\t\t\t<div class=\"e-con-inner\">\n\t\t\t\t<div class=\"elementor-element elementor-element-6cafdeb elementor-widget elementor-widget-image\" data-id=\"6cafdeb\" data-element_type=\"widget\" data-widget_type=\"image.default\">\n\t\t\t\t<div class=\"elementor-widget-container\">\n\t\t\t<style>\/*! elementor - v3.21.0 - 26-05-2024 *\/\n.elementor-widget-image{text-align:center}.elementor-widget-image a{display:inline-block}.elementor-widget-image a img[src$=\".svg\"]{width:48px}.elementor-widget-image img{vertical-align:middle;display:inline-block}<\/style>\t\t\t\t\t\t\t\t\t\t<img fetchpriority=\"high\" decoding=\"async\" width=\"782\" height=\"257\" src=\"https:\/\/www.neuquen.gob.ar\/financiamiento\/wp-content\/uploads\/2025\/06\/2025-06-05-13_28_25-Window.png\" class=\"attachment-full size-full wp-image-917\" alt=\"\" srcset=\"https:\/\/www.neuquen.gob.ar\/financiamiento\/wp-content\/uploads\/2025\/06\/2025-06-05-13_28_25-Window.png 782w, https:\/\/www.neuquen.gob.ar\/financiamiento\/wp-content\/uploads\/2025\/06\/2025-06-05-13_28_25-Window-300x99.png 300w, https:\/\/www.neuquen.gob.ar\/financiamiento\/wp-content\/uploads\/2025\/06\/2025-06-05-13_28_25-Window-768x252.png 768w\" sizes=\"(max-width: 782px) 100vw, 782px\" \/>\t\t\t\t\t\t\t\t\t\t\t\t\t<\/div>\n\t\t\t\t<\/div>\n\t\t\t\t\t<\/div>\n\t\t\t\t<\/div>\n\t\t<div class=\"elementor-element elementor-element-819cead e-con-full e-flex e-con e-child\" data-id=\"819cead\" data-element_type=\"container\">\n\t\t<div class=\"elementor-element elementor-element-5ea3ca9 e-grid e-con-boxed e-con e-child\" data-id=\"5ea3ca9\" data-element_type=\"container\">\n\t\t\t\t\t<div class=\"e-con-inner\">\n\t\t\t\t<div class=\"elementor-element elementor-element-9e89974 elementor-widget elementor-widget-text-editor\" data-id=\"9e89974\" data-element_type=\"widget\" data-widget_type=\"text-editor.default\">\n\t\t\t\t<div class=\"elementor-widget-container\">\n\t\t\t<style>\/*! elementor - v3.21.0 - 26-05-2024 *\/\n.elementor-widget-text-editor.elementor-drop-cap-view-stacked .elementor-drop-cap{background-color:#69727d;color:#fff}.elementor-widget-text-editor.elementor-drop-cap-view-framed .elementor-drop-cap{color:#69727d;border:3px solid;background-color:transparent}.elementor-widget-text-editor:not(.elementor-drop-cap-view-default) .elementor-drop-cap{margin-top:8px}.elementor-widget-text-editor:not(.elementor-drop-cap-view-default) .elementor-drop-cap-letter{width:1em;height:1em}.elementor-widget-text-editor .elementor-drop-cap{float:left;text-align:center;line-height:1;font-size:50px}.elementor-widget-text-editor .elementor-drop-cap-letter{display:inline-block}<\/style>\t\t\t\t<p><strong>PROYECTA FUTURO<\/strong> es un programa Provincial que incluye la \u201cL\u00ednea de cr\u00e9ditos para las Juventudes\u201d y est\u00e1 destinado a personas <strong>J\u00d3VENES de 18 a 35 A\u00d1OS<\/strong>, que tengan un emprendimiento, una pyme en marcha o realicen una actividad profesional (con una antig\u00fcedad mayor a 6 meses) y generen valor en alguna de las 7 (siete) regiones de la Provincia del Neuqu\u00e9n.<\/p><p>Ofrece <strong>Capacitaci\u00f3n \u201cOn line\u201d + Asistencia T\u00e9cnica + Posibilidad de acceder al financiamiento.<\/strong><\/p>\t\t\t\t\t\t<\/div>\n\t\t\t\t<\/div>\n\t\t\t\t<div class=\"elementor-element elementor-element-6ccc426 elementor-widget elementor-widget-text-editor\" data-id=\"6ccc426\" data-element_type=\"widget\" data-widget_type=\"text-editor.default\">\n\t\t\t\t<div class=\"elementor-widget-container\">\n\t\t\t\t\t\t\t<h5 style=\"text-align: center;\"><strong><span style=\"color: #87b866;\">IMPORTANTE!!<\/span><\/strong><\/h5><p><span style=\"color: #87b866;\">Cont\u00e1ctate con la Subsecretaria de Juventud y recibir\u00e1s un correo electr\u00f3nico y\/o un mensaje por WhatsApp informando los pasos a seguir!!<\/span><\/p>\t\t\t\t\t\t<\/div>\n\t\t\t\t<\/div>\n\t\t\t\t\t<\/div>\n\t\t\t\t<\/div>\n\t\t<div class=\"elementor-element elementor-element-99a7b67 e-grid e-con-boxed e-con e-child\" data-id=\"99a7b67\" data-element_type=\"container\">\n\t\t\t\t\t<div class=\"e-con-inner\">\n\t\t\t\t<div class=\"elementor-element elementor-element-eb87b87 elementor-align-center elementor-widget__width-auto elementor-widget elementor-widget-button\" data-id=\"eb87b87\" data-element_type=\"widget\" data-widget_type=\"button.default\">\n\t\t\t\t<div class=\"elementor-widget-container\">\n\t\t\t\t\t<div class=\"elementor-button-wrapper\">\n\t\t\t<a class=\"elementor-button elementor-button-link elementor-size-sm\" href=\"https:\/\/www.neuquen.gob.ar\/financiamiento\/wp-content\/uploads\/2025\/06\/Programa-Proyecta-Futuro.pdf\" target=\"_blank\" rel=\"nofollow\">\n\t\t\t\t\t\t<span class=\"elementor-button-content-wrapper\">\n\t\t\t\t\t\t<span class=\"elementor-button-icon elementor-align-icon-left\">\n\t\t\t\t<svg aria-hidden=\"true\" class=\"e-font-icon-svg e-fas-file-pdf\" viewBox=\"0 0 384 512\" xmlns=\"http:\/\/www.w3.org\/2000\/svg\"><path d=\"M181.9 256.1c-5-16-4.9-46.9-2-46.9 8.4 0 7.6 36.9 2 46.9zm-1.7 47.2c-7.7 20.2-17.3 43.3-28.4 62.7 18.3-7 39-17.2 62.9-21.9-12.7-9.6-24.9-23.4-34.5-40.8zM86.1 428.1c0 .8 13.2-5.4 34.9-40.2-6.7 6.3-29.1 24.5-34.9 40.2zM248 160h136v328c0 13.3-10.7 24-24 24H24c-13.3 0-24-10.7-24-24V24C0 10.7 10.7 0 24 0h200v136c0 13.2 10.8 24 24 24zm-8 171.8c-20-12.2-33.3-29-42.7-53.8 4.5-18.5 11.6-46.6 6.2-64.2-4.7-29.4-42.4-26.5-47.8-6.8-5 18.3-.4 44.1 8.1 77-11.6 27.6-28.7 64.6-40.8 85.8-.1 0-.1.1-.2.1-27.1 13.9-73.6 44.5-54.5 68 5.6 6.9 16 10 21.5 10 17.9 0 35.7-18 61.1-61.8 25.8-8.5 54.1-19.1 79-23.2 21.7 11.8 47.1 19.5 64 19.5 29.2 0 31.2-32 19.7-43.4-13.9-13.6-54.3-9.7-73.6-7.2zM377 105L279 7c-4.5-4.5-10.6-7-17-7h-6v128h128v-6.1c0-6.3-2.5-12.4-7-16.9zm-74.1 255.3c4.1-2.7-2.5-11.9-42.8-9 37.1 15.8 42.8 9 42.8 9z\"><\/path><\/svg>\t\t\t<\/span>\n\t\t\t\t\t\t\t\t\t<span class=\"elementor-button-text\">&nbsp; Informaci\u00f3n general del programa<\/span>\n\t\t\t\t\t<\/span>\n\t\t\t\t\t<\/a>\n\t\t<\/div>\n\t\t\t\t<\/div>\n\t\t\t\t<\/div>\n\t\t\t\t<div class=\"elementor-element elementor-element-8c19805 elementor-align-center elementor-mobile-align-center elementor-widget__width-auto elementor-widget elementor-widget-button\" data-id=\"8c19805\" data-element_type=\"widget\" data-widget_type=\"button.default\">\n\t\t\t\t<div class=\"elementor-widget-container\">\n\t\t\t\t\t<div class=\"elementor-button-wrapper\">\n\t\t\t<a class=\"elementor-button elementor-button-link elementor-size-sm\" href=\"https:\/\/www.neuquen.gob.ar\/financiamiento\/wp-content\/uploads\/2025\/06\/Linea-de-creditos-para-las-Juventudes_v03.pdf\" target=\"_blank\" rel=\"nofollow\">\n\t\t\t\t\t\t<span class=\"elementor-button-content-wrapper\">\n\t\t\t\t\t\t<span class=\"elementor-button-icon elementor-align-icon-left\">\n\t\t\t\t<svg aria-hidden=\"true\" class=\"e-font-icon-svg e-fas-file-pdf\" viewBox=\"0 0 384 512\" xmlns=\"http:\/\/www.w3.org\/2000\/svg\"><path d=\"M181.9 256.1c-5-16-4.9-46.9-2-46.9 8.4 0 7.6 36.9 2 46.9zm-1.7 47.2c-7.7 20.2-17.3 43.3-28.4 62.7 18.3-7 39-17.2 62.9-21.9-12.7-9.6-24.9-23.4-34.5-40.8zM86.1 428.1c0 .8 13.2-5.4 34.9-40.2-6.7 6.3-29.1 24.5-34.9 40.2zM248 160h136v328c0 13.3-10.7 24-24 24H24c-13.3 0-24-10.7-24-24V24C0 10.7 10.7 0 24 0h200v136c0 13.2 10.8 24 24 24zm-8 171.8c-20-12.2-33.3-29-42.7-53.8 4.5-18.5 11.6-46.6 6.2-64.2-4.7-29.4-42.4-26.5-47.8-6.8-5 18.3-.4 44.1 8.1 77-11.6 27.6-28.7 64.6-40.8 85.8-.1 0-.1.1-.2.1-27.1 13.9-73.6 44.5-54.5 68 5.6 6.9 16 10 21.5 10 17.9 0 35.7-18 61.1-61.8 25.8-8.5 54.1-19.1 79-23.2 21.7 11.8 47.1 19.5 64 19.5 29.2 0 31.2-32 19.7-43.4-13.9-13.6-54.3-9.7-73.6-7.2zM377 105L279 7c-4.5-4.5-10.6-7-17-7h-6v128h128v-6.1c0-6.3-2.5-12.4-7-16.9zm-74.1 255.3c4.1-2.7-2.5-11.9-42.8-9 37.1 15.8 42.8 9 42.8 9z\"><\/path><\/svg>\t\t\t<\/span>\n\t\t\t\t\t\t\t\t\t<span class=\"elementor-button-text\">&nbsp;Informaci\u00f3n de la  l\u00ednea de cr\u00e9dito para las Juventudes<\/span>\n\t\t\t\t\t<\/span>\n\t\t\t\t\t<\/a>\n\t\t<\/div>\n\t\t\t\t<\/div>\n\t\t\t\t<\/div>\n\t\t\t\t\t<\/div>\n\t\t\t\t<\/div>\n\t\t\t\t<\/div>\n\t\t\t\t<\/div>\n\t\t\t\t<\/div>\n\t\t","protected":false},"excerpt":{"rendered":"<p>PROYECTA FUTURO es un programa Provincial que incluye la \u201cL\u00ednea de cr\u00e9ditos para las Juventudes\u201d y est\u00e1 destinado a personas J\u00d3VENES de 18 a 35 A\u00d1OS, que tengan un emprendimiento, una pyme en marcha o realicen una actividad profesional (con una antig\u00fcedad mayor a 6 meses) y generen valor en alguna de las 7 (siete) [&hellip;]<\/p>\n","protected":false},"author":1,"featured_media":0,"parent":0,"menu_order":0,"comment_status":"closed","ping_status":"closed","template":"","meta":{"footnotes":""},"class_list":["post-2","page","type-page","status-publish","hentry"],"_links":{"self":[{"href":"https:\/\/www.neuquen.gob.ar\/financiamiento\/wp-json\/wp\/v2\/pages\/2","targetHints":{"allow":["GET"]}}],"collection":[{"href":"https:\/\/www.neuquen.gob.ar\/financiamiento\/wp-json\/wp\/v2\/pages"}],"about":[{"href":"https:\/\/www.neuquen.gob.ar\/financiamiento\/wp-json\/wp\/v2\/types\/page"}],"author":[{"embeddable":true,"href":"https:\/\/www.neuquen.gob.ar\/financiamiento\/wp-json\/wp\/v2\/users\/1"}],"replies":[{"embeddable":true,"href":"https:\/\/www.neuquen.gob.ar\/financiamiento\/wp-json\/wp\/v2\/comments?post=2"}],"version-history":[{"count":84,"href":"https:\/\/www.neuquen.gob.ar\/financiamiento\/wp-json\/wp\/v2\/pages\/2\/revisions"}],"predecessor-version":[{"id":1287,"href":"https:\/\/www.neuquen.gob.ar\/financiamiento\/wp-json\/wp\/v2\/pages\/2\/revisions\/1287"}],"wp:attachment":[{"href":"https:\/\/www.neuquen.gob.ar\/financiamiento\/wp-json\/wp\/v2\/media?parent=2"}],"curies":[{"name":"wp","href":"https:\/\/api.w.org\/{rel}","templated":true}]}}